{"id":10344,"date":"2025-02-22T11:25:21","date_gmt":"2025-02-22T11:25:21","guid":{"rendered":"https:\/\/www.geoglobe.pl\/?page_id=10344"},"modified":"2025-02-22T11:30:13","modified_gmt":"2025-02-22T11:30:13","slug":"standards-for-the-protection-of-toddlers","status":"publish","type":"page","link":"https:\/\/www.geoglobe.pl\/en\/standardy-ochrony-maloletnich\/","title":{"rendered":"Standards for the protection of minors"},"content":{"rendered":"<div data-elementor-type=\"wp-post\" data-elementor-id=\"10344\" class=\"elementor elementor-10344\">\n\t\t\t\t\t\t<section class=\"elementor-section elementor-top-section elementor-element elementor-element-321138fc elementor-section-stretched elementor-section-boxed elementor-section-height-default elementor-section-height-default jltma-glass-effect-no\" data-id=\"321138fc\" data-element_type=\"section\" data-e-type=\"section\" data-settings=\"{&quot;stretch_section&quot;:&quot;section-stretched&quot;,&quot;background_background&quot;:&quot;classic&quot;}\">\n\t\t\t\t\t\t<div class=\"elementor-container elementor-column-gap-no\">\n\t\t\t\t\t<div class=\"elementor-column elementor-col-100 elementor-top-column elementor-element elementor-element-6307ba6f jltma-glass-effect-no\" data-id=\"6307ba6f\" data-element_type=\"column\" data-e-type=\"column\">\n\t\t\t<div class=\"elementor-widget-wrap elementor-element-populated\">\n\t\t\t\t\t\t<section class=\"elementor-section elementor-inner-section elementor-element elementor-element-53703a79 elementor-section-boxed elementor-section-height-default elementor-section-height-default jltma-glass-effect-no elementor-invisible\" data-id=\"53703a79\" data-element_type=\"section\" data-e-type=\"section\" data-settings=\"{&quot;animation&quot;:&quot;fadeIn&quot;}\">\n\t\t\t\t\t\t<div class=\"elementor-container elementor-column-gap-no\">\n\t\t\t\t\t<div class=\"elementor-column elementor-col-100 elementor-inner-column elementor-element elementor-element-6c82d370 jltma-glass-effect-no\" data-id=\"6c82d370\" data-element_type=\"column\" data-e-type=\"column\">\n\t\t\t<div class=\"elementor-widget-wrap elementor-element-populated\">\n\t\t\t\t\t\t<div class=\"elementor-element elementor-element-7cd3c571 jltma-glass-effect-no elementor-widget elementor-widget-heading\" data-id=\"7cd3c571\" data-element_type=\"widget\" data-e-type=\"widget\" data-widget_type=\"heading.default\">\n\t\t\t\t<div class=\"elementor-widget-container\">\n\t\t\t\t\t<h3 class=\"elementor-heading-title elementor-size-default\"><span style=\",sans-serif\">Standards for the protection of minors<\/span><\/h3>\t\t\t\t<\/div>\n\t\t\t\t<\/div>\n\t\t\t\t\t<\/div>\n\t\t<\/div>\n\t\t\t\t\t<\/div>\n\t\t<\/section>\n\t\t\t\t<div class=\"elementor-element elementor-element-b0943b7 jltma-glass-effect-no elementor-widget elementor-widget-spacer\" data-id=\"b0943b7\" data-element_type=\"widget\" data-e-type=\"widget\" data-widget_type=\"spacer.default\">\n\t\t\t\t<div class=\"elementor-widget-container\">\n\t\t\t\t\t\t\t<div class=\"elementor-spacer\">\n\t\t\t<div class=\"elementor-spacer-inner\"><\/div>\n\t\t<\/div>\n\t\t\t\t\t\t<\/div>\n\t\t\t\t<\/div>\n\t\t\t\t<div class=\"elementor-element elementor-element-6a0dc38 jltma-glass-effect-no elementor-invisible elementor-widget elementor-widget-text-editor\" data-id=\"6a0dc38\" data-element_type=\"widget\" data-e-type=\"widget\" data-settings=\"{&quot;_animation&quot;:&quot;fadeIn&quot;,&quot;_animation_delay&quot;:300}\" data-widget_type=\"text-editor.default\">\n\t\t\t\t<div class=\"elementor-widget-container\">\n\t\t\t\t\t\t\t\t\t<div class=\"elementor-element elementor-element-6a0dc38 jltma-glass-effect-no elementor-widget elementor-widget-text-editor animated fadeIn\" data-id=\"6a0dc38\" data-element_type=\"widget\" data-settings=\"{&quot;_animation&quot;:&quot;fadeIn&quot;,&quot;_animation_delay&quot;:300}\" data-widget_type=\"text-editor.default\"><div class=\"elementor-widget-container\"><p><b>Standards for the protection of minor students,\u00a0<\/b><\/p><b>trainees <\/b><b>at GEO GLOBE POLSKA Sp. z o.o. <\/b><\/div><\/div><div class=\"elementor-element elementor-element-2f87dc3 jltma-glass-effect-no elementor-widget elementor-widget-text-editor animated fadeIn\" data-id=\"2f87dc3\" data-element_type=\"widget\" data-settings=\"{&quot;_animation&quot;:&quot;fadeIn&quot;,&quot;_animation_delay&quot;:300}\" data-widget_type=\"text-editor.default\"><div>\u00a0<\/div><div><p>Acting <b>at <\/b><b>pursuant to art.<\/b>. <b>22b <\/b><b>laws <\/b><b>z 13 <\/b><b>May <\/b><b>2016 <\/b>r. <b>o <\/b><b>counteracting <\/b>threats <b>crime <\/b>at <b>background <\/b>sexual and protection of minors <b>(i.e. <\/b>OJ 2024.1802) <b><a class=\"wpil_keyword_link\" href=\"https:\/\/www.geoglobe.pl\/en\/about-us\/mission-statement\/\"   title=\"Mission statement\" data-wpil-keyword-link=\"linked\"  data-wpil-monitor-id=\"59\">GEO<\/a> <\/b>GLOBE POLSKA Sp. z o.o. <b>hereby implements the \"Standards of protection <\/b>minors<b>\u201e<\/b><b>, <\/b>hereinafter <b>\"<\/b>Standards\", whose primary purpose <b>is to provide security <\/b>minor <b>trainees and taking care of <\/b>their welfare.\u00a0<\/p><p>This <b>Standards <\/b><b>are <\/b>element of the system <b>protection <\/b>minors <b>before <\/b>all forms <b>harm<\/b>, <b>uses <\/b>i <b>violence and are a form of <\/b>safeguarding their rights. This <b>The standards specify <\/b><b>rules <\/b><b>related <\/b><b>z <\/b><b>security <\/b>minor students, undergoing practice <b>professional <\/b>w <a class=\"wpil_keyword_link\" href=\"https:\/\/www.geoglobe.pl\/en\/geogrid-on-slopes-about-heights-5-cm-10-cm-or-15-cm-which-choose\/\"   title=\"Geogrid for slopes of 5 cm, 10 cm or 15 cm - which one to choose?\" data-wpil-keyword-link=\"linked\"  data-wpil-monitor-id=\"60\">GEO GLOBE POLAND<\/a> Sp. <b>z o.o.\u00a0<\/b><\/p><\/div><div class=\"elementor-widget-container\"><span style=\"font-family: 'Aptos',sans-serif;\"><strong>Standards for the protection of minors -.<\/strong> <a href=\"https:\/\/www.geoglobe.pl\/wp-content\/uploads\/2025\/02\/18_02_2025-standardy.pdf\">DOWNLOAD<\/a><\/span><\/div><\/div><div class=\"elementor-element elementor-element-73937e4 jltma-glass-effect-no elementor-widget elementor-widget-text-editor animated fadeIn\" data-id=\"73937e4\" data-element_type=\"widget\" data-settings=\"{&quot;_animation&quot;:&quot;fadeIn&quot;,&quot;_animation_delay&quot;:300}\" data-widget_type=\"text-editor.default\"><div class=\"elementor-widget-container\">\u00a0<\/div><\/div>\t\t\t\t\t\t\t\t<\/div>\n\t\t\t\t<\/div>\n\t\t\t\t\t<\/div>\n\t\t<\/div>\n\t\t\t\t\t<\/div>\n\t\t<\/section>\n\t\t\t\t<\/div>","protected":false},"excerpt":{"rendered":"<p>Services We provide a wide range of Services Lorem ipsum dolor sit amet, consectetuer adipiscing elit. Suspendisse et justo. Praesent mattis commodo augue. Aliquam ornare hendrerit augue. How can we help you? Lorem ipsum dolor sit amet, consectetuer adipiscing elit. Suspendisse et justo. Praesent mattis commodo augue. design Lorem ipsum dolor sit amet, consectetuer adipiscing elit. ...<\/p>\n<p class=\"read-more\"> <a class=\"\" href=\"https:\/\/websitedemos.net\/agency-02\/services\/\"> <span class=\"screen-reader-text\">Services<\/span> Read More \u00bb<\/a><\/p>","protected":false},"author":7,"featured_media":0,"parent":0,"menu_order":22,"comment_status":"closed","ping_status":"closed","template":"elementor_header_footer","meta":{"site-sidebar-layout":"no-sidebar","site-content-layout":"page-builder","ast-global-header-display":"","ast-banner-title-visibility":"","ast-main-header-display":"","ast-hfb-above-header-display":"","ast-hfb-below-header-display":"","ast-hfb-mobile-header-display":"","site-post-title":"disabled","ast-breadcrumbs-content":"","ast-featured-img":"disabled","footer-sml-layout":"","theme-transparent-header-meta":"default","adv-header-id-meta":"","stick-header-meta":"default","header-above-stick-meta":"","header-main-stick-meta":"","header-below-stick-meta":"","footnotes":""},"class_list":["post-10344","page","type-page","status-publish","hentry"],"yoast_head":"<!-- This site is optimized with the Yoast SEO Premium plugin v27.4 (Yoast SEO v27.4) - https:\/\/yoast.com\/product\/yoast-seo-premium-wordpress\/ -->\n<title>Standardy ochrony ma\u0142oletnich - Geo Globe Polska<\/title>\n<meta name=\"description\" content=\"Firmy Geo Globe Polska wprowadzi\u0142a w swojej dzia\u0142alno\u015bci Standardy ochrony ma\u0142oletnich.\" \/>\n<meta name=\"robots\" content=\"index, follow, max-snippet:-1, max-image-preview:large, max-video-preview:-1\" \/>\n<link rel=\"canonical\" href=\"https:\/\/www.geoglobe.pl\/en\/standards-for-the-protection-of-toddlers\/\" \/>\n<meta property=\"og:locale\" content=\"en_US\" \/>\n<meta property=\"og:type\" content=\"article\" \/>\n<meta property=\"og:title\" content=\"Standardy ochrony ma\u0142oletnich\" \/>\n<meta property=\"og:description\" content=\"Firmy Geo Globe Polska wprowadzi\u0142a w swojej dzia\u0142alno\u015bci Standardy ochrony ma\u0142oletnich.\" \/>\n<meta property=\"og:url\" content=\"https:\/\/www.geoglobe.pl\/en\/standards-for-the-protection-of-toddlers\/\" \/>\n<meta property=\"og:site_name\" content=\"Geo Globe Polska\" \/>\n<meta property=\"article:publisher\" content=\"https:\/\/www.facebook.com\/GeoGlobePolska\" \/>\n<meta property=\"article:modified_time\" content=\"2025-02-22T11:30:13+00:00\" \/>\n<meta name=\"twitter:card\" content=\"summary_large_image\" \/>\n<meta name=\"twitter:label1\" content=\"Est. reading time\" \/>\n\t<meta name=\"twitter:data1\" content=\"1 minute\" \/>\n<script type=\"application\/ld+json\" class=\"yoast-schema-graph\">{\"@context\":\"https:\\\/\\\/schema.org\",\"@graph\":[{\"@type\":\"WebPage\",\"@id\":\"https:\\\/\\\/www.geoglobe.pl\\\/standardy-ochrony-maloletnich\\\/\",\"url\":\"https:\\\/\\\/www.geoglobe.pl\\\/standardy-ochrony-maloletnich\\\/\",\"name\":\"Standardy ochrony ma\u0142oletnich - Geo Globe Polska\",\"isPartOf\":{\"@id\":\"https:\\\/\\\/www.geoglobe.pl\\\/#website\"},\"datePublished\":\"2025-02-22T11:25:21+00:00\",\"dateModified\":\"2025-02-22T11:30:13+00:00\",\"description\":\"Firmy Geo Globe Polska wprowadzi\u0142a w swojej dzia\u0142alno\u015bci Standardy ochrony ma\u0142oletnich.\",\"breadcrumb\":{\"@id\":\"https:\\\/\\\/www.geoglobe.pl\\\/standardy-ochrony-maloletnich\\\/#breadcrumb\"},\"inLanguage\":\"en-US\",\"potentialAction\":[{\"@type\":\"ReadAction\",\"target\":[\"https:\\\/\\\/www.geoglobe.pl\\\/standardy-ochrony-maloletnich\\\/\"]}]},{\"@type\":\"BreadcrumbList\",\"@id\":\"https:\\\/\\\/www.geoglobe.pl\\\/standardy-ochrony-maloletnich\\\/#breadcrumb\",\"itemListElement\":[{\"@type\":\"ListItem\",\"position\":1,\"name\":\"Strona g\u0142\u00f3wna\",\"item\":\"https:\\\/\\\/www.geoglobe.pl\\\/\"},{\"@type\":\"ListItem\",\"position\":2,\"name\":\"Standardy ochrony ma\u0142oletnich\"}]},{\"@type\":\"WebSite\",\"@id\":\"https:\\\/\\\/www.geoglobe.pl\\\/#website\",\"url\":\"https:\\\/\\\/www.geoglobe.pl\\\/\",\"name\":\"Geo Globe Polska\",\"description\":\"Geo Globe Polska - producent systemu geosiatek kom\u00f3rkowych GEOMAXX\u00ae. Termoformowanie pr\u00f3\u017cniowe tworzyw sztucznych. Wieloletnie do\u015bwiadczenie, globalny\",\"publisher\":{\"@id\":\"https:\\\/\\\/www.geoglobe.pl\\\/#organization\"},\"potentialAction\":[{\"@type\":\"SearchAction\",\"target\":{\"@type\":\"EntryPoint\",\"urlTemplate\":\"https:\\\/\\\/www.geoglobe.pl\\\/?s={search_term_string}\"},\"query-input\":{\"@type\":\"PropertyValueSpecification\",\"valueRequired\":true,\"valueName\":\"search_term_string\"}}],\"inLanguage\":\"en-US\"},{\"@type\":[\"Organization\",\"Place\"],\"@id\":\"https:\\\/\\\/www.geoglobe.pl\\\/#organization\",\"name\":\"Geo Globe Polska\",\"alternateName\":\"GEO GLOBE POLSKA Sp\u00f3\u0142ka z ograniczon\u0105 odpowiedzialno\u015bci\u0105\",\"url\":\"https:\\\/\\\/www.geoglobe.pl\\\/\",\"logo\":{\"@id\":\"https:\\\/\\\/www.geoglobe.pl\\\/standardy-ochrony-maloletnich\\\/#local-main-organization-logo\"},\"image\":{\"@id\":\"https:\\\/\\\/www.geoglobe.pl\\\/standardy-ochrony-maloletnich\\\/#local-main-organization-logo\"},\"sameAs\":[\"https:\\\/\\\/www.facebook.com\\\/GeoGlobePolska\",\"https:\\\/\\\/www.youtube.com\\\/channel\\\/UCnmf3P_42QIGBWe3M74JO5A\",\"https:\\\/\\\/www.linkedin.com\\\/company\\\/geo-globe-polska\\\/mycompany\\\/\"],\"description\":\"Geo Globe Polska wdra\u017caj\u0105c w\u0142asne technologie w ramach jednego zak\u0142adu produkcyjnego oferuje swoim odbiorcom kompleksow\u0105 us\u0142ug\u0119 obejmuj\u0105c\u0105 nie tylko wykonanie wysokiej jako\u015bci element\u00f3w w technologii termoformowania pr\u00f3\u017cniowego tworzyw sztucznych ale r\u00f3wnie\u017c dob\u00f3r materia\u0142\u00f3w, zaprojektowanie geometrii elementu, wszystkich potrzebnych narz\u0119dzi oraz wszystkie prace przygotowawcze obejmuj\u0105ce wykonanie form, uchwyt\u00f3w CNC, uchwyt\u00f3w monta\u017cowych i dedykowanych rozwi\u0105za\u0144 transportu mi\u0119dzyoperacyjnego i pakowania. Nasze us\u0142ugi i produkty: geosiatka, geokrata, termoformowanie.\",\"legalName\":\"GEO GLOBE POLSKA Sp\u00f3\u0142ka z ograniczon\u0105 odpowiedzialno\u015bci\u0105\",\"foundingDate\":\"1993-01-01\",\"numberOfEmployees\":{\"@type\":\"QuantitativeValue\",\"minValue\":\"51\",\"maxValue\":\"200\"},\"address\":{\"@id\":\"https:\\\/\\\/www.geoglobe.pl\\\/standardy-ochrony-maloletnich\\\/#local-main-place-address\"},\"geo\":{\"@type\":\"GeoCoordinates\",\"latitude\":\"50.1848764\",\"longitude\":\"18.9010927\"},\"telephone\":[\"32 22 60 796\"],\"contactPoint\":{\"@type\":\"ContactPoint\",\"telephone\":\"+48 606 740 334\",\"email\":\"sekretariat@geoglobe.pl\"},\"openingHoursSpecification\":[{\"@type\":\"OpeningHoursSpecification\",\"dayOfWeek\":[\"Monday\",\"Tuesday\",\"Wednesday\",\"Thursday\",\"Friday\",\"Saturday\",\"Sunday\"],\"opens\":\"09:00\",\"closes\":\"17:00\"}],\"email\":\"sekretariat@geoglobe.pl\",\"areaServed\":\"Polska, Niemcy, Ukraina, Francja, Europa\",\"taxID\":\"634-00-20-275\"},{\"@type\":\"PostalAddress\",\"@id\":\"https:\\\/\\\/www.geoglobe.pl\\\/standardy-ochrony-maloletnich\\\/#local-main-place-address\",\"streetAddress\":\"ul. Dzie\u0144dziela 30\",\"addressLocality\":\"Miko\u0142\u00f3w\",\"postalCode\":\"43-190\",\"addressRegion\":\"\u015al\u0105skie\",\"addressCountry\":\"PL\"},{\"@type\":\"ImageObject\",\"inLanguage\":\"en-US\",\"@id\":\"https:\\\/\\\/www.geoglobe.pl\\\/standardy-ochrony-maloletnich\\\/#local-main-organization-logo\",\"url\":\"https:\\\/\\\/www.geoglobe.pl\\\/wp-content\\\/uploads\\\/2023\\\/01\\\/GGP_logo_emblem_rebrand_top_navi_transp.png\",\"contentUrl\":\"https:\\\/\\\/www.geoglobe.pl\\\/wp-content\\\/uploads\\\/2023\\\/01\\\/GGP_logo_emblem_rebrand_top_navi_transp.png\",\"width\":271,\"height\":290,\"caption\":\"Geo Globe Polska\"}]}<\/script>\n<meta name=\"geo.placename\" content=\"Miko\u0142\u00f3w\" \/>\n<meta name=\"geo.position\" content=\"50.1848764;18.9010927\" \/>\n<meta name=\"geo.region\" content=\"Poland\" \/>\n<!-- \/ Yoast SEO Premium plugin. -->","yoast_head_json":{"title":"Standards for the protection of minors - Geo Globe Poland","description":"Geo Globe Poland has introduced the Standards for the Protection of Minors in its operations.","robots":{"index":"index","follow":"follow","max-snippet":"max-snippet:-1","max-image-preview":"max-image-preview:large","max-video-preview":"max-video-preview:-1"},"canonical":"https:\/\/www.geoglobe.pl\/en\/standards-for-the-protection-of-toddlers\/","og_locale":"en_US","og_type":"article","og_title":"Standardy ochrony ma\u0142oletnich","og_description":"Firmy Geo Globe Polska wprowadzi\u0142a w swojej dzia\u0142alno\u015bci Standardy ochrony ma\u0142oletnich.","og_url":"https:\/\/www.geoglobe.pl\/en\/standards-for-the-protection-of-toddlers\/","og_site_name":"Geo Globe Polska","article_publisher":"https:\/\/www.facebook.com\/GeoGlobePolska","article_modified_time":"2025-02-22T11:30:13+00:00","twitter_card":"summary_large_image","twitter_misc":{"Est. reading time":"1 minute"},"schema":{"@context":"https:\/\/schema.org","@graph":[{"@type":"WebPage","@id":"https:\/\/www.geoglobe.pl\/standardy-ochrony-maloletnich\/","url":"https:\/\/www.geoglobe.pl\/standardy-ochrony-maloletnich\/","name":"Standards for the protection of minors - Geo Globe Poland","isPartOf":{"@id":"https:\/\/www.geoglobe.pl\/#website"},"datePublished":"2025-02-22T11:25:21+00:00","dateModified":"2025-02-22T11:30:13+00:00","description":"Geo Globe Poland has introduced the Standards for the Protection of Minors in its operations.","breadcrumb":{"@id":"https:\/\/www.geoglobe.pl\/standardy-ochrony-maloletnich\/#breadcrumb"},"inLanguage":"en-US","potentialAction":[{"@type":"ReadAction","target":["https:\/\/www.geoglobe.pl\/standardy-ochrony-maloletnich\/"]}]},{"@type":"BreadcrumbList","@id":"https:\/\/www.geoglobe.pl\/standardy-ochrony-maloletnich\/#breadcrumb","itemListElement":[{"@type":"ListItem","position":1,"name":"Strona g\u0142\u00f3wna","item":"https:\/\/www.geoglobe.pl\/"},{"@type":"ListItem","position":2,"name":"Standardy ochrony ma\u0142oletnich"}]},{"@type":"WebSite","@id":"https:\/\/www.geoglobe.pl\/#website","url":"https:\/\/www.geoglobe.pl\/","name":"Geo Globe Poland","description":"Geo Globe Poland - manufacturer of GEOMAXX\u00ae cellular geo-grid system. Vacuum thermoforming of plastics. Many years of experience, global","publisher":{"@id":"https:\/\/www.geoglobe.pl\/#organization"},"potentialAction":[{"@type":"SearchAction","target":{"@type":"EntryPoint","urlTemplate":"https:\/\/www.geoglobe.pl\/?s={search_term_string}"},"query-input":{"@type":"PropertyValueSpecification","valueRequired":true,"valueName":"search_term_string"}}],"inLanguage":"en-US"},{"@type":["Organization","Place"],"@id":"https:\/\/www.geoglobe.pl\/#organization","name":"Geo Globe Poland","alternateName":"GEO GLOBE POLSKA Sp\u00f3\u0142ka z ograniczon\u0105 odpowiedzialno\u015bci\u0105","url":"https:\/\/www.geoglobe.pl\/","logo":{"@id":"https:\/\/www.geoglobe.pl\/standardy-ochrony-maloletnich\/#local-main-organization-logo"},"image":{"@id":"https:\/\/www.geoglobe.pl\/standardy-ochrony-maloletnich\/#local-main-organization-logo"},"sameAs":["https:\/\/www.facebook.com\/GeoGlobePolska","https:\/\/www.youtube.com\/channel\/UCnmf3P_42QIGBWe3M74JO5A","https:\/\/www.linkedin.com\/company\/geo-globe-polska\/mycompany\/"],"description":"Geo Globe Poland, implementing its own technologies within a single manufacturing plant, offers its customers a comprehensive service that includes not only the manufacture of high-quality elements in the technology of vacuum thermoforming of plastics, but also the selection of materials, the design of the geometry of the element, all the necessary tools and all the preparatory work including the manufacture of molds, CNC fixtures, assembly fixtures and dedicated solutions for inter-process transport and packaging. Our services and products: geogrid, geogrid, thermoforming.","legalName":"GEO GLOBE POLSKA Sp\u00f3\u0142ka z ograniczon\u0105 odpowiedzialno\u015bci\u0105","foundingDate":"1993-01-01","numberOfEmployees":{"@type":"QuantitativeValue","minValue":"51","maxValue":"200"},"address":{"@id":"https:\/\/www.geoglobe.pl\/standardy-ochrony-maloletnich\/#local-main-place-address"},"geo":{"@type":"GeoCoordinates","latitude":"50.1848764","longitude":"18.9010927"},"telephone":["32 22 60 796"],"contactPoint":{"@type":"ContactPoint","telephone":"+48 606 740 334","email":"sekretariat@geoglobe.pl"},"openingHoursSpecification":[{"@type":"OpeningHoursSpecification","dayOfWeek":["Monday","Tuesday","Wednesday","Thursday","Friday","Saturday","Sunday"],"opens":"09:00","closes":"17:00"}],"email":"sekretariat@geoglobe.pl","areaServed":"Polska, Niemcy, Ukraina, Francja, Europa","taxID":"634-00-20-275"},{"@type":"PostalAddress","@id":"https:\/\/www.geoglobe.pl\/standardy-ochrony-maloletnich\/#local-main-place-address","streetAddress":"ul. Dzie\u0144dziela 30","addressLocality":"Miko\u0142\u00f3w","postalCode":"43-190","addressRegion":"\u015al\u0105skie","addressCountry":"PL"},{"@type":"ImageObject","inLanguage":"en-US","@id":"https:\/\/www.geoglobe.pl\/standardy-ochrony-maloletnich\/#local-main-organization-logo","url":"https:\/\/www.geoglobe.pl\/wp-content\/uploads\/2023\/01\/GGP_logo_emblem_rebrand_top_navi_transp.png","contentUrl":"https:\/\/www.geoglobe.pl\/wp-content\/uploads\/2023\/01\/GGP_logo_emblem_rebrand_top_navi_transp.png","width":271,"height":290,"caption":"Geo Globe Polska"}]},"geo.placename":"Miko\u0142\u00f3w","geo.position":{"lat":"50.1848764","long":"18.9010927"},"geo.region":"Poland"},"_links":{"self":[{"href":"https:\/\/www.geoglobe.pl\/en\/wp-json\/wp\/v2\/pages\/10344","targetHints":{"allow":["GET"]}}],"collection":[{"href":"https:\/\/www.geoglobe.pl\/en\/wp-json\/wp\/v2\/pages"}],"about":[{"href":"https:\/\/www.geoglobe.pl\/en\/wp-json\/wp\/v2\/types\/page"}],"author":[{"embeddable":true,"href":"https:\/\/www.geoglobe.pl\/en\/wp-json\/wp\/v2\/users\/7"}],"replies":[{"embeddable":true,"href":"https:\/\/www.geoglobe.pl\/en\/wp-json\/wp\/v2\/comments?post=10344"}],"version-history":[{"count":1,"href":"https:\/\/www.geoglobe.pl\/en\/wp-json\/wp\/v2\/pages\/10344\/revisions"}],"predecessor-version":[{"id":10895,"href":"https:\/\/www.geoglobe.pl\/en\/wp-json\/wp\/v2\/pages\/10344\/revisions\/10895"}],"wp:attachment":[{"href":"https:\/\/www.geoglobe.pl\/en\/wp-json\/wp\/v2\/media?parent=10344"}],"curies":[{"name":"wp","href":"https:\/\/api.w.org\/{rel}","templated":true}]}}